{"id":6,"date":"2025-10-14T18:07:15","date_gmt":"2025-10-14T18:07:15","guid":{"rendered":"https:\/\/montivus.de\/about\/"},"modified":"2025-11-23T18:59:17","modified_gmt":"2025-11-23T18:59:17","slug":"about","status":"publish","type":"page","link":"https:\/\/montivus.de\/pl\/about\/","title":{"rendered":"uber uns"},"content":{"rendered":"<div data-elementor-type=\"wp-page\" data-elementor-id=\"6\" class=\"elementor elementor-6\">\n\t\t\t\t\t\t<section class=\"elementor-section elementor-top-section elementor-element elementor-element-c551ac6 elementor-section-boxed elementor-section-height-default elementor-section-height-default\" data-id=\"c551ac6\" data-element_type=\"section\" data-e-type=\"section\">\n\t\t\t\t\t\t<div class=\"elementor-container elementor-column-gap-default\">\n\t\t\t\t\t<div class=\"elementor-column elementor-col-100 elementor-top-column elementor-element elementor-element-efa9e5e\" data-id=\"efa9e5e\" data-element_type=\"column\" data-e-type=\"column\">\n\t\t\t<div class=\"elementor-widget-wrap\">\n\t\t\t\t\t\t\t<\/div>\n\t\t<\/div>\n\t\t\t\t\t<\/div>\n\t\t<\/section>\n\t\t\t\t<section class=\"elementor-section elementor-top-section elementor-element elementor-element-772cea6 elementor-section-height-min-height elementor-section-content-middle elementor-section-boxed elementor-section-height-default elementor-section-items-middle\" data-id=\"772cea6\" data-element_type=\"section\" data-e-type=\"section\">\n\t\t\t\t\t\t<div class=\"elementor-container elementor-column-gap-default\">\n\t\t\t\t\t<div class=\"elementor-column elementor-col-100 elementor-top-column elementor-element elementor-element-38ee22b\" data-id=\"38ee22b\" data-element_type=\"column\" data-e-type=\"column\">\n\t\t\t<div class=\"elementor-widget-wrap elementor-element-populated\">\n\t\t\t\t\t\t<div class=\"elementor-element elementor-element-90d9c9b elementor-widget elementor-widget-image\" data-id=\"90d9c9b\" data-element_type=\"widget\" data-e-type=\"widget\" data-widget_type=\"image.default\">\n\t\t\t\t<div class=\"elementor-widget-container\">\n\t\t\t\t\t\t\t\t\t\t\t\t\t\t\t<img fetchpriority=\"high\" decoding=\"async\" width=\"313\" height=\"313\" src=\"https:\/\/montivus.de\/wp-content\/uploads\/2025\/10\/Montivus.png\" class=\"attachment-large size-large wp-image-5742\" alt=\"montivus\" srcset=\"https:\/\/montivus.de\/wp-content\/uploads\/2025\/10\/Montivus.png 313w, https:\/\/montivus.de\/wp-content\/uploads\/2025\/10\/Montivus-300x300.png 300w, https:\/\/montivus.de\/wp-content\/uploads\/2025\/10\/Montivus-150x150.png 150w, https:\/\/montivus.de\/wp-content\/uploads\/2025\/10\/Montivus-100x100.png 100w\" sizes=\"(max-width: 313px) 100vw, 313px\" \/>\t\t\t\t\t\t\t\t\t\t\t\t\t\t\t<\/div>\n\t\t\t\t<\/div>\n\t\t\t\t<div class=\"elementor-element elementor-element-fa01baa elementor-widget elementor-widget-heading\" data-id=\"fa01baa\" data-element_type=\"widget\" data-e-type=\"widget\" data-widget_type=\"heading.default\">\n\t\t\t\t<div class=\"elementor-widget-container\">\n\t\t\t\t\t<h2 class=\"elementor-heading-title elementor-size-default\">to cz\u0119\u015b\u0107 ca\u0142osci, poznaj si\u0119 z nami..<\/h2>\t\t\t\t<\/div>\n\t\t\t\t<\/div>\n\t\t\t\t<div class=\"elementor-element elementor-element-76fa803 elementor-widget-divider--view-line elementor-widget elementor-widget-divider\" data-id=\"76fa803\" data-element_type=\"widget\" data-e-type=\"widget\" data-widget_type=\"divider.default\">\n\t\t\t\t<div class=\"elementor-widget-container\">\n\t\t\t\t\t\t\t<div class=\"elementor-divider\">\n\t\t\t<span class=\"elementor-divider-separator\">\n\t\t\t\t\t\t<\/span>\n\t\t<\/div>\n\t\t\t\t\t\t<\/div>\n\t\t\t\t<\/div>\n\t\t\t\t<div class=\"elementor-element elementor-element-654632c elementor-widget elementor-widget-heading\" data-id=\"654632c\" data-element_type=\"widget\" data-e-type=\"widget\" data-widget_type=\"heading.default\">\n\t\t\t\t<div class=\"elementor-widget-container\">\n\t\t\t\t\t<h2 class=\"elementor-heading-title elementor-size-default\">Montivus SmartHome jest regionalnym zespo\u0142em specjalist\u00f3w z poludniowego rejonu Polski. Integrujemy technologi\u0119 instalacyjn\u0105, audyty energetyczne i systemy SmartHome, aby zwi\u0119ksza\u0107 efektywno\u015b\u0107 budynk\u00f3w. Naszym celem jest identyfikacja strat energii, poprawa komfortu u\u017cytkownik\u00f3w i wdra\u017canie trwa\u0142ych, wysokowydajnych rozwi\u0105za\u0144.<\/h2>\t\t\t\t<\/div>\n\t\t\t\t<\/div>\n\t\t\t\t\t<\/div>\n\t\t<\/div>\n\t\t\t\t\t<\/div>\n\t\t<\/section>\n\t\t\t\t<section class=\"elementor-section elementor-top-section elementor-element elementor-element-6840325 elementor-section-height-min-height elementor-section-content-middle elementor-section-boxed elementor-section-height-default elementor-section-items-middle\" data-id=\"6840325\" data-element_type=\"section\" data-e-type=\"section\">\n\t\t\t\t\t\t<div class=\"elementor-container elementor-column-gap-default\">\n\t\t\t\t\t<div class=\"elementor-column elementor-col-100 elementor-top-column elementor-element elementor-element-acecb48\" data-id=\"acecb48\" data-element_type=\"column\" data-e-type=\"column\" data-settings=\"{&quot;background_background&quot;:&quot;classic&quot;}\">\n\t\t\t<div class=\"elementor-widget-wrap elementor-element-populated\">\n\t\t\t\t\t\t<section class=\"elementor-section elementor-inner-section elementor-element elementor-element-eb6a785 elementor-section-boxed elementor-section-height-default elementor-section-height-default\" data-id=\"eb6a785\" data-element_type=\"section\" data-e-type=\"section\">\n\t\t\t\t\t\t<div class=\"elementor-container elementor-column-gap-default\">\n\t\t\t\t\t<div class=\"elementor-column elementor-col-50 elementor-inner-column elementor-element elementor-element-6b33385\" data-id=\"6b33385\" data-element_type=\"column\" data-e-type=\"column\">\n\t\t\t<div class=\"elementor-widget-wrap elementor-element-populated\">\n\t\t\t\t\t\t<div class=\"elementor-element elementor-element-cb02e09 elementor-widget__width-initial elementor-widget elementor-widget-image\" data-id=\"cb02e09\" data-element_type=\"widget\" data-e-type=\"widget\" data-widget_type=\"image.default\">\n\t\t\t\t<div class=\"elementor-widget-container\">\n\t\t\t\t\t\t\t\t\t\t\t\t\t\t\t<img decoding=\"async\" width=\"300\" height=\"256\" src=\"https:\/\/montivus.de\/wp-content\/uploads\/2025\/10\/pexels-photo-614810-614810-300x256.jpg\" class=\"attachment-medium size-medium wp-image-5759\" alt=\"Close-up portrait of a young man with facial hair and a serious expression.\" srcset=\"https:\/\/montivus.de\/wp-content\/uploads\/2025\/10\/pexels-photo-614810-614810-300x256.jpg 300w, https:\/\/montivus.de\/wp-content\/uploads\/2025\/10\/pexels-photo-614810-614810-1024x874.jpg 1024w, https:\/\/montivus.de\/wp-content\/uploads\/2025\/10\/pexels-photo-614810-614810-768x656.jpg 768w, https:\/\/montivus.de\/wp-content\/uploads\/2025\/10\/pexels-photo-614810-614810-1536x1312.jpg 1536w, https:\/\/montivus.de\/wp-content\/uploads\/2025\/10\/pexels-photo-614810-614810-2048x1749.jpg 2048w, https:\/\/montivus.de\/wp-content\/uploads\/2025\/10\/pexels-photo-614810-614810-600x512.jpg 600w\" sizes=\"(max-width: 300px) 100vw, 300px\" \/>\t\t\t\t\t\t\t\t\t\t\t\t\t\t\t<\/div>\n\t\t\t\t<\/div>\n\t\t\t\t<div class=\"elementor-element elementor-element-8ff99a5 elementor-widget elementor-widget-text-editor\" data-id=\"8ff99a5\" data-element_type=\"widget\" data-e-type=\"widget\" data-widget_type=\"text-editor.default\">\n\t\t\t\t<div class=\"elementor-widget-container\">\n\t\t\t\t\t\t\t\t\t<p>Mariusz, konsultant ds. energii<\/p>\t\t\t\t\t\t\t\t<\/div>\n\t\t\t\t<\/div>\n\t\t\t\t\t<\/div>\n\t\t<\/div>\n\t\t\t\t<div class=\"elementor-column elementor-col-50 elementor-inner-column elementor-element elementor-element-4a2b3c1\" data-id=\"4a2b3c1\" data-element_type=\"column\" data-e-type=\"column\">\n\t\t\t<div class=\"elementor-widget-wrap elementor-element-populated\">\n\t\t\t\t\t\t<div class=\"elementor-element elementor-element-7ba5fb7 elementor-align-right elementor-mobile-align-center kontakt-uns elementor-widget elementor-widget-button\" data-id=\"7ba5fb7\" data-element_type=\"widget\" data-e-type=\"widget\" id=\"kontakt-uns\" data-widget_type=\"button.default\">\n\t\t\t\t<div class=\"elementor-widget-container\">\n\t\t\t\t\t\t\t\t\t<div class=\"elementor-button-wrapper\">\n\t\t\t\t\t<a class=\"elementor-button elementor-button-link elementor-size-sm\" href=\"#\">\n\t\t\t\t\t\t<span class=\"elementor-button-content-wrapper\">\n\t\t\t\t\t\t<span class=\"elementor-button-icon\">\n\t\t\t\t<i aria-hidden=\"true\" class=\"far fa-address-card\"><\/i>\t\t\t<\/span>\n\t\t\t\t\t\t\t\t\t<span class=\"elementor-button-text\">Napisz do Nas.<\/span>\n\t\t\t\t\t<\/span>\n\t\t\t\t\t<\/a>\n\t\t\t\t<\/div>\n\t\t\t\t\t\t\t\t<\/div>\n\t\t\t\t<\/div>\n\t\t\t\t\t<\/div>\n\t\t<\/div>\n\t\t\t\t\t<\/div>\n\t\t<\/section>\n\t\t\t\t\t<\/div>\n\t\t<\/div>\n\t\t\t\t\t<\/div>\n\t\t<\/section>\n\t\t\t\t<section class=\"elementor-section elementor-top-section elementor-element elementor-element-00f18d4 elementor-section-height-min-height elementor-section-content-middle elementor-section-boxed elementor-section-height-default elementor-section-items-middle\" data-id=\"00f18d4\" data-element_type=\"section\" data-e-type=\"section\">\n\t\t\t\t\t\t<div class=\"elementor-container elementor-column-gap-default\">\n\t\t\t\t\t<div class=\"elementor-column elementor-col-100 elementor-top-column elementor-element elementor-element-c68b790\" data-id=\"c68b790\" data-element_type=\"column\" data-e-type=\"column\">\n\t\t\t<div class=\"elementor-widget-wrap elementor-element-populated\">\n\t\t\t\t\t\t<div class=\"elementor-element elementor-element-a841b4d elementor-widget elementor-widget-image\" data-id=\"a841b4d\" data-element_type=\"widget\" data-e-type=\"widget\" data-widget_type=\"image.default\">\n\t\t\t\t<div class=\"elementor-widget-container\">\n\t\t\t\t\t\t\t\t\t\t\t\t\t\t\t<img decoding=\"async\" width=\"300\" height=\"300\" src=\"https:\/\/montivus.de\/wp-content\/uploads\/2025\/10\/Bez-nazwy-700-x-700-px-300x300.png\" class=\"attachment-medium size-medium wp-image-6561\" alt=\"bez nazwy (700 x 700 px)\" srcset=\"https:\/\/montivus.de\/wp-content\/uploads\/2025\/10\/Bez-nazwy-700-x-700-px-300x300.png 300w, https:\/\/montivus.de\/wp-content\/uploads\/2025\/10\/Bez-nazwy-700-x-700-px-150x150.png 150w, https:\/\/montivus.de\/wp-content\/uploads\/2025\/10\/Bez-nazwy-700-x-700-px-600x600.png 600w, https:\/\/montivus.de\/wp-content\/uploads\/2025\/10\/Bez-nazwy-700-x-700-px-100x100.png 100w, https:\/\/montivus.de\/wp-content\/uploads\/2025\/10\/Bez-nazwy-700-x-700-px.png 700w\" sizes=\"(max-width: 300px) 100vw, 300px\" \/>\t\t\t\t\t\t\t\t\t\t\t\t\t\t\t<\/div>\n\t\t\t\t<\/div>\n\t\t\t\t<div class=\"elementor-element elementor-element-3b60cf0 elementor-widget-divider--view-line elementor-widget elementor-widget-divider\" data-id=\"3b60cf0\" data-element_type=\"widget\" data-e-type=\"widget\" data-widget_type=\"divider.default\">\n\t\t\t\t<div class=\"elementor-widget-container\">\n\t\t\t\t\t\t\t<div class=\"elementor-divider\">\n\t\t\t<span class=\"elementor-divider-separator\">\n\t\t\t\t\t\t<\/span>\n\t\t<\/div>\n\t\t\t\t\t\t<\/div>\n\t\t\t\t<\/div>\n\t\t\t\t<div class=\"elementor-element elementor-element-811e101 elementor-widget elementor-widget-heading\" data-id=\"811e101\" data-element_type=\"widget\" data-e-type=\"widget\" data-widget_type=\"heading.default\">\n\t\t\t\t<div class=\"elementor-widget-container\">\n\t\t\t\t\t<h2 class=\"elementor-heading-title elementor-size-default\">Energie ist mehr als Strom und W\u00e4rme \u2013 sie ist der Herzschlag deines Zuhauses.\nMontivus SmartHome begleitet dich auf dem Weg zu einer positiven und nachhaltigen Energieversorgung.\nMit Leidenschaft f\u00fcr Technik und einem klaren Fokus auf Effizienz entwickeln wir L\u00f6sungen, die dein Zuhause smarter, komfortabler und unabh\u00e4ngiger machen.\nWir glauben daran, dass echte Innovation dort beginnt, wo Menschen und Energie im Gleichgewicht stehen.<\/h2>\t\t\t\t<\/div>\n\t\t\t\t<\/div>\n\t\t\t\t\t<\/div>\n\t\t<\/div>\n\t\t\t\t\t<\/div>\n\t\t<\/section>\n\t\t\t\t<\/div>","protected":false},"excerpt":{"rendered":"<p>\u00dcber Uns: Montivus SmartHome ist ein regionales Unternehmen aus der Bodensee-Region. Wir kombinieren Technik, Energieberatung und Smart-Home-L\u00f6sungen, um Geb\u00e4ude effizienter zu machen. Unsere Mission: Energieverluste erkennen, Komfort erh\u00f6hen und nachhaltige L\u00f6sungen schaffen. Marc Energieberater Schreib an Uns Energie ist mehr als Strom und W\u00e4rme \u2013 sie ist der Herzschlag deines Zuhauses. Montivus SmartHome begleitet dich [&hellip;]<\/p>\n","protected":false},"author":1,"featured_media":0,"parent":0,"menu_order":0,"comment_status":"closed","ping_status":"closed","template":"","meta":{"googlesitekit_rrm_CAows_rCDA:productID":"","site-sidebar-layout":"no-sidebar","site-content-layout":"plain-container","ast-site-content-layout":"full-width-container","site-content-style":"unboxed","site-sidebar-style":"unboxed","ast-global-header-display":"","ast-banner-title-visibility":"","ast-main-header-display":"","ast-hfb-above-header-display":"","ast-hfb-below-header-display":"","ast-hfb-mobile-header-display":"","site-post-title":"disabled","ast-breadcrumbs-content":"","ast-featured-img":"disabled","footer-sml-layout":"","theme-transparent-header-meta":"enabled","adv-header-id-meta":"","stick-header-meta":"","header-above-stick-meta":"","header-main-stick-meta":"","header-below-stick-meta":"","astra-migrate-meta-layouts":"set","ast-page-background-enabled":"default","ast-page-background-meta":{"desktop":{"background-color":"","background-image":"","background-repeat":"repeat","background-position":"center center","background-size":"auto","background-attachment":"scroll","background-type":"","background-media":"","overlay-type":"","overlay-color":"","overlay-opacity":"","overlay-gradient":""},"tablet":{"background-color":"","background-image":"","background-repeat":"repeat","background-position":"center center","background-size":"auto","background-attachment":"scroll","background-type":"","background-media":"","overlay-type":"","overlay-color":"","overlay-opacity":"","overlay-gradient":""},"mobile":{"background-color":"","background-image":"","background-repeat":"repeat","background-position":"center center","background-size":"auto","background-attachment":"scroll","background-type":"","background-media":"","overlay-type":"","overlay-color":"","overlay-opacity":"","overlay-gradient":""}},"ast-content-background-meta":{"desktop":{"background-color":"var(--ast-global-color-5)","background-image":"","background-repeat":"repeat","background-position":"center center","background-size":"auto","background-attachment":"scroll","background-type":"","background-media":"","overlay-type":"","overlay-color":"","overlay-opacity":"","overlay-gradient":""},"tablet":{"background-color":"var(--ast-global-color-5)","background-image":"","background-repeat":"repeat","background-position":"center center","background-size":"auto","background-attachment":"scroll","background-type":"","background-media":"","overlay-type":"","overlay-color":"","overlay-opacity":"","overlay-gradient":""},"mobile":{"background-color":"var(--ast-global-color-5)","background-image":"","background-repeat":"repeat","background-position":"center center","background-size":"auto","background-attachment":"scroll","background-type":"","background-media":"","overlay-type":"","overlay-color":"","overlay-opacity":"","overlay-gradient":""}},"footnotes":""},"class_list":["post-6","page","type-page","status-publish","hentry"],"aioseo_notices":[],"_hostinger_reach_plugin_has_subscription_block":false,"_hostinger_reach_plugin_is_elementor":false,"_links":{"self":[{"href":"https:\/\/montivus.de\/pl\/wp-json\/wp\/v2\/pages\/6","targetHints":{"allow":["GET"]}}],"collection":[{"href":"https:\/\/montivus.de\/pl\/wp-json\/wp\/v2\/pages"}],"about":[{"href":"https:\/\/montivus.de\/pl\/wp-json\/wp\/v2\/types\/page"}],"author":[{"embeddable":true,"href":"https:\/\/montivus.de\/pl\/wp-json\/wp\/v2\/users\/1"}],"replies":[{"embeddable":true,"href":"https:\/\/montivus.de\/pl\/wp-json\/wp\/v2\/comments?post=6"}],"version-history":[{"count":37,"href":"https:\/\/montivus.de\/pl\/wp-json\/wp\/v2\/pages\/6\/revisions"}],"predecessor-version":[{"id":7776,"href":"https:\/\/montivus.de\/pl\/wp-json\/wp\/v2\/pages\/6\/revisions\/7776"}],"wp:attachment":[{"href":"https:\/\/montivus.de\/pl\/wp-json\/wp\/v2\/media?parent=6"}],"curies":[{"name":"wp","href":"https:\/\/api.w.org\/{rel}","templated":true}]}}